{"id":90,"date":"2022-08-12T10:24:02","date_gmt":"2022-08-12T08:24:02","guid":{"rendered":"https:\/\/thomasreiner.com\/en\/produkt\/arta-fireworks-2001\/"},"modified":"2024-07-24T10:06:11","modified_gmt":"2024-07-24T08:06:11","slug":"arta-fireworks-2001","status":"publish","type":"product","link":"https:\/\/thomasreiner.com\/en\/produkt\/arta-fireworks-2001\/","title":{"rendered":"ARTA &#8211; fireworks (2001)"},"content":{"rendered":"<p>&nbsp;<\/p>\n<table>\n<tbody>\n<tr>\n<th>Komponist<\/th>\n<th>St\u00fcck<\/th>\n<th><\/th>\n<\/tr>\n<tr>\n<td rowspan=\"7\">Georg Friedrich H\u00e4ndel (1685-1759)<\/td>\n<td class=\"nowrap\">Feuerwerksmusik<\/td>\n<td><\/td>\n<\/tr>\n<tr>\n<td class=\"nowrap\"><em>\u00bb Ouverture<\/em><\/td>\n<td><\/td>\n<\/tr>\n<tr>\n<td class=\"nowrap\"><em>\u00bb Bourr\u00e9e I &#8211; Bourr\u00e9e II<\/em><\/td>\n<td><\/td>\n<\/tr>\n<tr>\n<td class=\"nowrap\"><em>\u00bb La Paix<\/em><\/td>\n<td><\/td>\n<\/tr>\n<tr>\n<td class=\"nowrap\"><em>\u00bb La Rejouissance<\/em><\/td>\n<td class=\"nowrap\"><\/td>\n<\/tr>\n<tr>\n<td class=\"nowrap\"><em>\u00bb Menuet I<\/em><\/td>\n<td><\/td>\n<\/tr>\n<tr>\n<td class=\"nowrap\"><em>\u00bb Menuet II<\/em><\/td>\n<td><\/td>\n<\/tr>\n<tr>\n<td>Johann Sebastian Bach (1685-1750)<\/td>\n<td>Choral und drei Choralvorspiele \u00fcber &#8220;Wer nur den lieben Gott l\u00e4sst walten&#8221;<\/td>\n<td><\/td>\n<\/tr>\n<tr>\n<td rowspan=\"4\">Antonio Vivaldi (1678-1741)<\/td>\n<td class=\"nowrap\">Concerto f\u00fcr zwei corni da caccia RV<\/td>\n<td><\/td>\n<\/tr>\n<tr>\n<td class=\"nowrap\"><em>\u00bb Allegro<\/em><\/td>\n<td><\/td>\n<\/tr>\n<tr>\n<td class=\"nowrap\"><em>\u00bb Largo<\/em><\/td>\n<td><\/td>\n<\/tr>\n<tr>\n<td class=\"nowrap\"><em>\u00bb Vivace<\/em><\/td>\n<td><\/td>\n<\/tr>\n<tr>\n<td rowspan=\"3\">Johann Sebastian Bach (1685-1750)<\/td>\n<td class=\"nowrap\">Pr\u00e4ludium und Fuge Es-Dur<\/td>\n<td><\/td>\n<\/tr>\n<tr>\n<td class=\"nowrap\"><em>\u00bb Pr\u00e4ludium<\/em><\/td>\n<td><\/td>\n<\/tr>\n<tr>\n<td class=\"nowrap\"><em>\u00bb Fuge<\/em><\/td>\n<td><\/td>\n<\/tr>\n<tr>\n<td rowspan=\"5\">Georg Philipp Telemann (1681-1767)<\/td>\n<td>Concerto f\u00fcr drei Trompeten, Pauke und Orgel<\/td>\n<td><\/td>\n<\/tr>\n<tr>\n<td class=\"nowrap\"><em>\u00bb Intrada<\/em><\/td>\n<td class=\"nowrap\"><\/td>\n<\/tr>\n<tr>\n<td class=\"nowrap\"><em>\u00bb Allegro<\/em><\/td>\n<td><\/td>\n<\/tr>\n<tr>\n<td class=\"nowrap\"><em>\u00bb Largo<\/em><\/td>\n<td><\/td>\n<\/tr>\n<tr>\n<td class=\"nowrap\"><em>\u00bb Vivace<\/em><\/td>\n<td><\/td>\n<\/tr>\n<tr>\n<td>Heinrich der VIII (1491-1547)<\/td>\n<td>Pastime with good company<\/td>\n<td class=\"nowrap\"><\/td>\n<\/tr>\n<\/tbody>\n<\/table>\n<p>&nbsp;<\/p>\n<p>All prices include 19% value-added tax. Shipping and handling will be added on top except for orders worth more than 50 EUR. For orders outside of Germany please use the contact form.<\/p>\n","protected":false},"excerpt":{"rendered":"<p>&nbsp; Komponist St\u00fcck Georg Friedrich H\u00e4ndel (1685-1759) Feuerwerksmusik \u00bb Ouverture \u00bb Bourr\u00e9e I &#8211; Bourr\u00e9e II \u00bb La Paix \u00bb La Rejouissance \u00bb Menuet I \u00bb Menuet II Johann Sebastian Bach (1685-1750) Choral und drei Choralvorspiele \u00fcber &#8220;Wer nur den lieben Gott l\u00e4sst walten&#8221; Antonio Vivaldi (1678-1741) Concerto f\u00fcr zwei corni da caccia RV \u00bb Allegro \u00bb Largo \u00bb Vivace Johann Sebastian Bach (1685-1750) Pr\u00e4ludium und Fuge Es-Dur \u00bb Pr\u00e4ludium \u00bb Fuge Georg Philipp Telemann (1681-1767) Concerto f\u00fcr drei Trompeten, Pauke und Orgel \u00bb Intrada \u00bb Allegro \u00bb Largo \u00bb Vivace Heinrich der VIII (1491-1547) Pastime with good company &nbsp; All prices include 19% value-added tax. Shipping and handling will be added on top except for orders worth more than 50 EUR. For orders outside of Germany please use the contact form.<\/p>\n","protected":false},"featured_media":92,"comment_status":"closed","ping_status":"closed","template":"","meta":[],"product_brand":[],"product_cat":[],"product_tag":[],"class_list":{"0":"post-90","1":"product","2":"type-product","3":"status-publish","4":"has-post-thumbnail","7":"first","8":"instock","9":"taxable","10":"shipping-taxable","11":"purchasable","12":"product-type-simple"},"_links":{"self":[{"href":"https:\/\/thomasreiner.com\/en\/wp-json\/wp\/v2\/product\/90","targetHints":{"allow":["GET"]}}],"collection":[{"href":"https:\/\/thomasreiner.com\/en\/wp-json\/wp\/v2\/product"}],"about":[{"href":"https:\/\/thomasreiner.com\/en\/wp-json\/wp\/v2\/types\/product"}],"replies":[{"embeddable":true,"href":"https:\/\/thomasreiner.com\/en\/wp-json\/wp\/v2\/comments?post=90"}],"wp:featuredmedia":[{"embeddable":true,"href":"https:\/\/thomasreiner.com\/en\/wp-json\/wp\/v2\/media\/92"}],"wp:attachment":[{"href":"https:\/\/thomasreiner.com\/en\/wp-json\/wp\/v2\/media?parent=90"}],"wp:term":[{"taxonomy":"product_brand","embeddable":true,"href":"https:\/\/thomasreiner.com\/en\/wp-json\/wp\/v2\/product_brand?post=90"},{"taxonomy":"product_cat","embeddable":true,"href":"https:\/\/thomasreiner.com\/en\/wp-json\/wp\/v2\/product_cat?post=90"},{"taxonomy":"product_tag","embeddable":true,"href":"https:\/\/thomasreiner.com\/en\/wp-json\/wp\/v2\/product_tag?post=90"}],"curies":[{"name":"wp","href":"https:\/\/api.w.org\/{rel}","templated":true}]}}