{"id":93,"date":"2022-08-12T10:25:20","date_gmt":"2022-08-12T08:25:20","guid":{"rendered":"https:\/\/thomasreiner.com\/en\/produkt\/thomas-reiner-concerto-fantastico-2002\/"},"modified":"2022-08-12T10:25:21","modified_gmt":"2022-08-12T08:25:21","slug":"thomas-reiner-concerto-fantastico-2002","status":"publish","type":"product","link":"https:\/\/thomasreiner.com\/en\/produkt\/thomas-reiner-concerto-fantastico-2002\/","title":{"rendered":"Thomas Reiner &#8211; Concerto fantastico (2002)"},"content":{"rendered":"<p>Thomas Reiner &#8211; Concerto fantastico (2002)<\/p>\n<p>&nbsp;<\/p>\n<table>\n<tbody>\n<tr>\n<th>Komponist<\/th>\n<th>St\u00fcck<\/th>\n<th><\/th>\n<\/tr>\n<tr>\n<td rowspan=\"4\">Tomaso Albinoni (1671-1750)<\/td>\n<td class=\"nowrap\">Konzert f\u00fcr Trompete und Orgel in F-Dur<\/td>\n<td><\/td>\n<\/tr>\n<tr>\n<td class=\"nowrap\"><em>\u00bb Allegro<\/em><\/td>\n<td class=\"nowrap\"><\/td>\n<\/tr>\n<tr>\n<td class=\"nowrap\"><em>\u00bb Adagio<\/em><\/td>\n<td><\/td>\n<\/tr>\n<tr>\n<td class=\"nowrap\"><em>\u00bb Allegro<\/em><\/td>\n<td><\/td>\n<\/tr>\n<tr>\n<td>Johann Ludwig Krebs (1713-1780)<\/td>\n<td>Fantasia in C-Dur \u00fcber &#8220;Wachet auf&#8221; f\u00fcr Trompete und Orgel \u00e0 zwei Claviere \u00e8 Pedale<\/td>\n<td><\/td>\n<\/tr>\n<tr>\n<td rowspan=\"4\">Antonio Vivaldi (1678-1741)<\/td>\n<td class=\"nowrap\">Konzert in g-moll f\u00fcr Trompete und Orgel<\/td>\n<td><\/td>\n<\/tr>\n<tr>\n<td class=\"nowrap\"><em>\u00bb Vivace<\/em><\/td>\n<td><\/td>\n<\/tr>\n<tr>\n<td class=\"nowrap\"><em>\u00bb Largo<\/em><\/td>\n<td><\/td>\n<\/tr>\n<tr>\n<td class=\"nowrap\"><em>\u00bb Allegro<\/em><\/td>\n<td class=\"nowrap\"><\/td>\n<\/tr>\n<tr>\n<td>Johann Ludwig Krebs (1713-1780)<\/td>\n<td>&#8220;Wachet auf, ruft uns die Stimme&#8221; f\u00fcr Corno da caccia und Orgel<\/td>\n<td><\/td>\n<\/tr>\n<tr>\n<td rowspan=\"6\">Giovanni Bonaventura Viviani (1650-1693)<\/td>\n<td class=\"nowrap\">Sonata prima per trombetta sola<\/td>\n<td><\/td>\n<\/tr>\n<tr>\n<td class=\"nowrap\"><em>\u00bb Andante<\/em><\/td>\n<td><\/td>\n<\/tr>\n<tr>\n<td class=\"nowrap\"><em>\u00bb Allegro<\/em><\/td>\n<td><\/td>\n<\/tr>\n<tr>\n<td class=\"nowrap\"><em>\u00bb Presto<\/em><\/td>\n<td><\/td>\n<\/tr>\n<tr>\n<td class=\"nowrap\"><em>\u00bb Allegro<\/em><\/td>\n<td><\/td>\n<\/tr>\n<tr>\n<td class=\"nowrap\"><em>\u00bb Adagio<\/em><\/td>\n<td><\/td>\n<\/tr>\n<tr>\n<td>Johann Ludwig Krebs (1713-1780)<\/td>\n<td>&#8220;Wachet auf, ruft uns die Stimme&#8221; f\u00fcr Corno da caccia und Orgel \u00e0 zwei Claviere \u00e8 Pedale<\/td>\n<td><\/td>\n<\/tr>\n<tr>\n<td rowspan=\"4\">Tomaso Albinoni (1671-1750)<\/td>\n<td>Konzert f\u00fcr Trompete und Orgel in d-moll<\/td>\n<td><\/td>\n<\/tr>\n<tr>\n<td class=\"nowrap\"><em>\u00bb Allegro e non presto<\/em><\/td>\n<td><\/td>\n<\/tr>\n<tr>\n<td class=\"nowrap\"><em>\u00bb Adagio<\/em><\/td>\n<td class=\"nowrap\"><\/td>\n<\/tr>\n<tr>\n<td class=\"nowrap\"><em>\u00bb Allegro<\/em><\/td>\n<td><\/td>\n<\/tr>\n<tr>\n<td rowspan=\"4\">Joseph Haydn (1732-1809)<\/td>\n<td>Drei Fl\u00f6tenuhrst\u00fccke aus einer Fl\u00f6tenuhr von 1793<\/td>\n<td><\/td>\n<\/tr>\n<tr>\n<td class=\"nowrap\"><em>\u00bb Allegro<\/em><\/td>\n<td><\/td>\n<\/tr>\n<tr>\n<td class=\"nowrap\"><em>\u00bb Menuett<\/em><\/td>\n<td><\/td>\n<\/tr>\n<tr>\n<td class=\"nowrap\"><em>\u00bb Presto<\/em><\/td>\n<td><\/td>\n<\/tr>\n<\/tbody>\n<\/table>\n<p>&nbsp;<\/p>\n<p>All prices include 19% value-added tax. Shipping and handling will be added on top except for orders worth more than 50 EUR. For orders outside of Germany please use the contact form.<\/p>\n","protected":false},"excerpt":{"rendered":"<p>Thomas Reiner &#8211; Concerto fantastico (2002) &nbsp; Komponist St\u00fcck Tomaso Albinoni (1671-1750) Konzert f\u00fcr Trompete und Orgel in F-Dur \u00bb Allegro \u00bb Adagio \u00bb Allegro Johann Ludwig Krebs (1713-1780) Fantasia in C-Dur \u00fcber &#8220;Wachet auf&#8221; f\u00fcr Trompete und Orgel \u00e0 zwei Claviere \u00e8 Pedale Antonio Vivaldi (1678-1741) Konzert in g-moll f\u00fcr Trompete und Orgel \u00bb Vivace \u00bb Largo \u00bb Allegro Johann Ludwig Krebs (1713-1780) &#8220;Wachet auf, ruft uns die Stimme&#8221; f\u00fcr Corno da caccia und Orgel Giovanni Bonaventura Viviani (1650-1693) Sonata prima per trombetta sola \u00bb Andante \u00bb Allegro \u00bb Presto \u00bb Allegro \u00bb Adagio Johann Ludwig Krebs (1713-1780) &#8220;Wachet auf, ruft uns die Stimme&#8221; f\u00fcr Corno da caccia und Orgel \u00e0 zwei Claviere \u00e8 Pedale Tomaso Albinoni (1671-1750) Konzert f\u00fcr Trompete und Orgel in d-moll \u00bb Allegro e non presto \u00bb Adagio \u00bb Allegro Joseph Haydn (1732-1809) Drei Fl\u00f6tenuhrst\u00fccke aus einer Fl\u00f6tenuhr von 1793 \u00bb Allegro \u00bb Menuett \u00bb Presto &nbsp; All prices include 19% value-added tax. Shipping and handling will be added on top except for orders worth more than 50 EUR. For orders outside of Germany please use the contact form.<\/p>\n","protected":false},"featured_media":95,"comment_status":"closed","ping_status":"closed","template":"","meta":[],"product_brand":[],"product_cat":[],"product_tag":[],"class_list":{"0":"post-93","1":"product","2":"type-product","3":"status-publish","4":"has-post-thumbnail","7":"first","8":"instock","9":"taxable","10":"shipping-taxable","11":"purchasable","12":"product-type-simple"},"_links":{"self":[{"href":"https:\/\/thomasreiner.com\/en\/wp-json\/wp\/v2\/product\/93","targetHints":{"allow":["GET"]}}],"collection":[{"href":"https:\/\/thomasreiner.com\/en\/wp-json\/wp\/v2\/product"}],"about":[{"href":"https:\/\/thomasreiner.com\/en\/wp-json\/wp\/v2\/types\/product"}],"replies":[{"embeddable":true,"href":"https:\/\/thomasreiner.com\/en\/wp-json\/wp\/v2\/comments?post=93"}],"wp:featuredmedia":[{"embeddable":true,"href":"https:\/\/thomasreiner.com\/en\/wp-json\/wp\/v2\/media\/95"}],"wp:attachment":[{"href":"https:\/\/thomasreiner.com\/en\/wp-json\/wp\/v2\/media?parent=93"}],"wp:term":[{"taxonomy":"product_brand","embeddable":true,"href":"https:\/\/thomasreiner.com\/en\/wp-json\/wp\/v2\/product_brand?post=93"},{"taxonomy":"product_cat","embeddable":true,"href":"https:\/\/thomasreiner.com\/en\/wp-json\/wp\/v2\/product_cat?post=93"},{"taxonomy":"product_tag","embeddable":true,"href":"https:\/\/thomasreiner.com\/en\/wp-json\/wp\/v2\/product_tag?post=93"}],"curies":[{"name":"wp","href":"https:\/\/api.w.org\/{rel}","templated":true}]}}